{"id":18,"date":"2026-02-16T20:41:18","date_gmt":"2026-02-16T20:41:18","guid":{"rendered":"https:\/\/ctgtropeirosdaquerenciams.com.br\/hubweb\/?page_id=18"},"modified":"2026-02-19T08:01:05","modified_gmt":"2026-02-19T08:01:05","slug":"ctg-tropeiros-da-querencia-ms","status":"publish","type":"page","link":"https:\/\/ctgtropeirosdaquerenciams.com.br\/hubweb\/ctg-tropeiros-da-querencia-ms\/","title":{"rendered":"In\u00edcio"},"content":{"rendered":"\n<div class=\"wp-block-cover alignfull is-light has-parallax hero-parallax\" style=\"min-height:700px;aspect-ratio:unset;\"><div class=\"wp-block-cover__image-background wp-image-66 size-full has-parallax\" style=\"background-position:50% 50%;background-image:url(https:\/\/ctgtropeirosdaquerenciams.com.br\/hubweb\/wp-content\/uploads\/2026\/02\/Portal-Copia-copia.png)\"><\/div><span aria-hidden=\"true\" class=\"wp-block-cover__background has-background-dim-0 has-background-dim\" style=\"background-color:#d1c1ab\"><\/span><div class=\"wp-block-cover__inner-container is-layout-constrained wp-block-cover-is-layout-constrained\">\n<p class=\"has-text-align-center has-accent-color has-text-color has-link-color has-medium-font-size wp-elements-9f9a4b41c5b13bd5a10529b0df8875af\"><br><br><br><\/p>\n<\/div><\/div>\n\n\n\n<div class=\"wp-block-cover\" style=\"min-height:600px;aspect-ratio:unset;\"><img loading=\"lazy\" decoding=\"async\" width=\"1024\" height=\"683\" class=\"wp-block-cover__image-background wp-image-129 size-large\" alt=\"\" src=\"https:\/\/ctgtropeirosdaquerenciams.com.br\/hubweb\/wp-content\/uploads\/2026\/02\/Secao02-1024x683.png\" data-object-fit=\"cover\" srcset=\"https:\/\/ctgtropeirosdaquerenciams.com.br\/hubweb\/wp-content\/uploads\/2026\/02\/Secao02-1024x683.png 1024w, https:\/\/ctgtropeirosdaquerenciams.com.br\/hubweb\/wp-content\/uploads\/2026\/02\/Secao02-300x200.png 300w, https:\/\/ctgtropeirosdaquerenciams.com.br\/hubweb\/wp-content\/uploads\/2026\/02\/Secao02-768x512.png 768w, https:\/\/ctgtropeirosdaquerenciams.com.br\/hubweb\/wp-content\/uploads\/2026\/02\/Secao02.png 1536w\" sizes=\"auto, (max-width: 1024px) 100vw, 1024px\" \/><span aria-hidden=\"true\" class=\"wp-block-cover__background has-accent-background-color has-background-dim\"><\/span><div class=\"wp-block-cover__inner-container is-layout-constrained wp-block-cover-is-layout-constrained\">\n<p class=\"has-text-align-center has-large-font-size\">Se\u00e7\u00e3o Eventos, Invernadas, Seja s\u00f3cio etc <\/p>\n\n\n\n<div class=\"wp-block-buttons is-content-justification-center is-layout-flex wp-container-core-buttons-is-layout-16018d1d wp-block-buttons-is-layout-flex\">\n<div class=\"wp-block-button\"><a class=\"wp-block-button__link wp-element-button\" href=\"https:\/\/iustech.com.br\/CtgTropeirosMS\/index.php?class=CardAnuidade&amp;method=onShow\" target=\"_blank\" rel=\"noreferrer noopener nofollow\">Intera\u00e7\u00e3o Mercado pago &#8211; Anuidade<\/a><\/div>\n<\/div>\n\n\n\n<div class=\"wp-block-buttons is-content-justification-center is-layout-flex wp-container-core-buttons-is-layout-16018d1d wp-block-buttons-is-layout-flex\">\n<div class=\"wp-block-button\"><a class=\"wp-block-button__link has-text-align-center wp-element-button\" href=\"https:\/\/iustech.com.br\/CtgTropeirosMS\/index.php?class=LoginForm\" target=\"_blank\" rel=\"noreferrer noopener nofollow\">Acesso ao Sistema &#8211; Fluxo de caixa, Par\u00e2metros do Sistema, Relat\u00f3rios etc. <\/a><\/div>\n<\/div>\n<\/div><\/div>\n","protected":false},"excerpt":{"rendered":"","protected":false},"author":1,"featured_media":0,"parent":0,"menu_order":0,"comment_status":"closed","ping_status":"closed","template":"","meta":{"footnotes":""},"class_list":["post-18","page","type-page","status-publish"],"_links":{"self":[{"href":"https:\/\/ctgtropeirosdaquerenciams.com.br\/hubweb\/wp-json\/wp\/v2\/pages\/18","targetHints":{"allow":["GET"]}}],"collection":[{"href":"https:\/\/ctgtropeirosdaquerenciams.com.br\/hubweb\/wp-json\/wp\/v2\/pages"}],"about":[{"href":"https:\/\/ctgtropeirosdaquerenciams.com.br\/hubweb\/wp-json\/wp\/v2\/types\/page"}],"author":[{"embeddable":true,"href":"https:\/\/ctgtropeirosdaquerenciams.com.br\/hubweb\/wp-json\/wp\/v2\/users\/1"}],"replies":[{"embeddable":true,"href":"https:\/\/ctgtropeirosdaquerenciams.com.br\/hubweb\/wp-json\/wp\/v2\/comments?post=18"}],"version-history":[{"count":47,"href":"https:\/\/ctgtropeirosdaquerenciams.com.br\/hubweb\/wp-json\/wp\/v2\/pages\/18\/revisions"}],"predecessor-version":[{"id":146,"href":"https:\/\/ctgtropeirosdaquerenciams.com.br\/hubweb\/wp-json\/wp\/v2\/pages\/18\/revisions\/146"}],"wp:attachment":[{"href":"https:\/\/ctgtropeirosdaquerenciams.com.br\/hubweb\/wp-json\/wp\/v2\/media?parent=18"}],"curies":[{"name":"wp","href":"https:\/\/api.w.org\/{rel}","templated":true}]}}